{"id":3442,"date":"2026-01-22T12:30:45","date_gmt":"2026-01-22T12:30:45","guid":{"rendered":"https:\/\/valdeludo.nl\/contact\/"},"modified":"2026-03-24T21:07:57","modified_gmt":"2026-03-24T21:07:57","slug":"contact","status":"publish","type":"page","link":"https:\/\/valdeludo.nl\/fr\/contact\/","title":{"rendered":"Contact"},"content":{"rendered":"\t\t<div data-elementor-type=\"wp-page\" data-elementor-id=\"3442\" class=\"elementor elementor-3442 elementor-325\" data-elementor-post-type=\"page\">\n\t\t\t\t<div class=\"elementor-element elementor-element-09690c7 e-flex e-con-boxed e-con e-parent\" data-id=\"09690c7\" data-element_type=\"container\" data-e-type=\"container\" data-settings=\"{&quot;background_background&quot;:&quot;slideshow&quot;,&quot;background_slideshow_gallery&quot;:[{&quot;id&quot;:3129,&quot;url&quot;:&quot;https:\\\/\\\/valdeludo.nl\\\/wp-content\\\/uploads\\\/2026\\\/01\\\/2025-06-20_ValdeludoBruiloft_008.jpg&quot;},{&quot;id&quot;:3131,&quot;url&quot;:&quot;https:\\\/\\\/valdeludo.nl\\\/wp-content\\\/uploads\\\/2026\\\/02\\\/WEDDING_JS21_27_MM.jpg&quot;},{&quot;id&quot;:3132,&quot;url&quot;:&quot;https:\\\/\\\/valdeludo.nl\\\/wp-content\\\/uploads\\\/2026\\\/01\\\/2025-06-20_ValdeludoBruiloft_004.jpg&quot;},{&quot;id&quot;:3133,&quot;url&quot;:&quot;https:\\\/\\\/valdeludo.nl\\\/wp-content\\\/uploads\\\/2026\\\/01\\\/2025-06-20_ValdeludoBruiloft_006.jpg&quot;},{&quot;id&quot;:3134,&quot;url&quot;:&quot;https:\\\/\\\/valdeludo.nl\\\/wp-content\\\/uploads\\\/2026\\\/02\\\/Dion-en-Evy-25-07-2025-18_MM-scaled.jpg&quot;},{&quot;id&quot;:3135,&quot;url&quot;:&quot;https:\\\/\\\/valdeludo.nl\\\/wp-content\\\/uploads\\\/2026\\\/02\\\/Dion-en-Evy-25-07-2025-20_MM.jpg&quot;}],&quot;background_slideshow_transition_duration&quot;:1000,&quot;background_slideshow_ken_burns&quot;:&quot;yes&quot;,&quot;background_slideshow_loop&quot;:&quot;yes&quot;,&quot;background_slideshow_slide_duration&quot;:5000,&quot;background_slideshow_slide_transition&quot;:&quot;fade&quot;,&quot;background_slideshow_ken_burns_zoom_direction&quot;:&quot;in&quot;}\">\n\t\t\t\t\t<div class=\"e-con-inner\">\n\t\t<div class=\"elementor-element elementor-element-05ea4d1 e-con-full elementor-hidden-desktop elementor-hidden-tablet elementor-hidden-mobile e-flex e-con e-child\" data-id=\"05ea4d1\" data-element_type=\"container\" data-e-type=\"container\">\n\t\t<div class=\"elementor-element elementor-element-4015c22 e-con-full e-flex e-con e-child\" data-id=\"4015c22\" data-element_type=\"container\" data-e-type=\"container\">\n\t\t\t\t<div class=\"elementor-element elementor-element-c51a285 elementor-invisible elementor-widget elementor-widget-heading\" data-id=\"c51a285\" data-element_type=\"widget\" data-e-type=\"widget\" data-settings=\"{&quot;_animation&quot;:&quot;bounceIn&quot;}\" data-widget_type=\"heading.default\">\n\t\t\t\t<div class=\"elementor-widget-container\">\n\t\t\t\t\t<h1 class=\"elementor-heading-title elementor-size-default\">\u201c<\/h1>\t\t\t\t<\/div>\n\t\t\t\t<\/div>\n\t\t\t\t<div class=\"elementor-element elementor-element-b33e321 animated-slow elementor-invisible elementor-widget elementor-widget-heading\" data-id=\"b33e321\" data-element_type=\"widget\" data-e-type=\"widget\" data-settings=\"{&quot;_animation&quot;:&quot;bounceIn&quot;}\" data-widget_type=\"heading.default\">\n\t\t\t\t<div class=\"elementor-widget-container\">\n\t\t\t\t\t<h1 class=\"elementor-heading-title elementor-size-default\">Vis une<\/h1>\t\t\t\t<\/div>\n\t\t\t\t<\/div>\n\t\t\t\t<\/div>\n\t\t\t\t<div class=\"elementor-element elementor-element-e1a5b14 animated-slow elementor-invisible elementor-widget elementor-widget-heading\" data-id=\"e1a5b14\" data-element_type=\"widget\" data-e-type=\"widget\" data-settings=\"{&quot;_animation&quot;:&quot;bounceIn&quot;,&quot;_animation_delay&quot;:100}\" data-widget_type=\"heading.default\">\n\t\t\t\t<div class=\"elementor-widget-container\">\n\t\t\t\t\t<h1 class=\"elementor-heading-title elementor-size-default\">journ\u00e9e inoubliable<\/h1>\t\t\t\t<\/div>\n\t\t\t\t<\/div>\n\t\t<div class=\"elementor-element elementor-element-8cf4bb9 e-con-full e-flex e-con e-child\" data-id=\"8cf4bb9\" data-element_type=\"container\" data-e-type=\"container\">\n\t\t\t\t<div class=\"elementor-element elementor-element-4718803 animated-slow elementor-invisible elementor-widget elementor-widget-heading\" data-id=\"4718803\" data-element_type=\"widget\" data-e-type=\"widget\" data-settings=\"{&quot;_animation&quot;:&quot;bounceIn&quot;,&quot;_animation_delay&quot;:200}\" data-widget_type=\"heading.default\">\n\t\t\t\t<div class=\"elementor-widget-container\">\n\t\t\t\t\t<h1 class=\"elementor-heading-title elementor-size-default\">chez Valdeludo.<\/h1>\t\t\t\t<\/div>\n\t\t\t\t<\/div>\n\t\t\t\t<div class=\"elementor-element elementor-element-f168a55 animated-slow elementor-invisible elementor-widget elementor-widget-heading\" data-id=\"f168a55\" data-element_type=\"widget\" data-e-type=\"widget\" data-settings=\"{&quot;_animation&quot;:&quot;bounceIn&quot;,&quot;_animation_delay&quot;:300}\" data-widget_type=\"heading.default\">\n\t\t\t\t<div class=\"elementor-widget-container\">\n\t\t\t\t\t<h1 class=\"elementor-heading-title elementor-size-default\">\u201d<\/h1>\t\t\t\t<\/div>\n\t\t\t\t<\/div>\n\t\t\t\t<\/div>\n\t\t\t\t<\/div>\n\t\t\t\t\t<\/div>\n\t\t\t\t<\/div>\n\t\t<div class=\"elementor-element elementor-element-bdb54fa e-flex e-con-boxed e-con e-parent\" data-id=\"bdb54fa\" data-element_type=\"container\" data-e-type=\"container\">\n\t\t\t\t\t<div class=\"e-con-inner\">\n\t\t<div class=\"elementor-element elementor-element-b7545e8 e-con-full e-flex e-con e-child\" data-id=\"b7545e8\" data-element_type=\"container\" data-e-type=\"container\">\n\t\t\t\t<div class=\"elementor-element elementor-element-c61fd50 elementor-widget elementor-widget-heading\" data-id=\"c61fd50\" data-element_type=\"widget\" data-e-type=\"widget\" data-widget_type=\"heading.default\">\n\t\t\t\t<div class=\"elementor-widget-container\">\n\t\t\t\t\t<h6 class=\"elementor-heading-title elementor-size-default\">Concr\u00e9tisons ton projet<\/h6>\t\t\t\t<\/div>\n\t\t\t\t<\/div>\n\t\t\t\t<div class=\"elementor-element elementor-element-4ae9675 elementor-widget elementor-widget-heading\" data-id=\"4ae9675\" data-element_type=\"widget\" data-e-type=\"widget\" data-widget_type=\"heading.default\">\n\t\t\t\t<div class=\"elementor-widget-container\">\n\t\t\t\t\t<h2 class=\"elementor-heading-title elementor-size-default\">Contacte-nous sans engagement<\/h2>\t\t\t\t<\/div>\n\t\t\t\t<\/div>\n\t\t\t\t<div class=\"elementor-element elementor-element-088c4e8 elementor-widget elementor-widget-text-editor\" data-id=\"088c4e8\" data-element_type=\"widget\" data-e-type=\"widget\" data-widget_type=\"text-editor.default\">\n\t\t\t\t<div class=\"elementor-widget-container\">\n\t\t\t\t\t\t\t\t\t<p>Contacte-nous directement et fais-nous part de tes id\u00e9es ! Ou pose ta question via le formulaire de contact ci-dessous. <\/p>\t\t\t\t\t\t\t\t<\/div>\n\t\t\t\t<\/div>\n\t\t\t\t<\/div>\n\t\t<div class=\"elementor-element elementor-element-def6b0d e-con-full e-flex e-con e-child\" data-id=\"def6b0d\" data-element_type=\"container\" data-e-type=\"container\">\n\t\t<div class=\"elementor-element elementor-element-bbec4c3 e-con-full e-flex e-con e-child\" data-id=\"bbec4c3\" data-element_type=\"container\" data-e-type=\"container\">\n\t\t<div class=\"elementor-element elementor-element-fa93b85 e-con-full e-flex e-con e-child\" data-id=\"fa93b85\" data-element_type=\"container\" data-e-type=\"container\">\n\t\t\t\t<div class=\"elementor-element elementor-element-3bb55d5 elementor-view-default elementor-widget elementor-widget-icon\" data-id=\"3bb55d5\" data-element_type=\"widget\" data-e-type=\"widget\" data-widget_type=\"icon.default\">\n\t\t\t\t<div class=\"elementor-widget-container\">\n\t\t\t\t\t\t\t<div class=\"elementor-icon-wrapper\">\n\t\t\t<div class=\"elementor-icon\">\n\t\t\t<i aria-hidden=\"true\" class=\"fas fa-map-marker-alt\"><\/i>\t\t\t<\/div>\n\t\t<\/div>\n\t\t\t\t\t\t<\/div>\n\t\t\t\t<\/div>\n\t\t\t\t<div class=\"elementor-element elementor-element-17860bf elementor-widget elementor-widget-heading\" data-id=\"17860bf\" data-element_type=\"widget\" data-e-type=\"widget\" data-widget_type=\"heading.default\">\n\t\t\t\t<div class=\"elementor-widget-container\">\n\t\t\t\t\t<h6 class=\"elementor-heading-title elementor-size-default\">ADRESSE<\/h6>\t\t\t\t<\/div>\n\t\t\t\t<\/div>\n\t\t\t\t<\/div>\n\t\t\t\t<div class=\"elementor-element elementor-element-2d0c43b elementor-widget elementor-widget-heading\" data-id=\"2d0c43b\" data-element_type=\"widget\" data-e-type=\"widget\" data-widget_type=\"heading.default\">\n\t\t\t\t<div class=\"elementor-widget-container\">\n\t\t\t\t\t<h6 class=\"elementor-heading-title elementor-size-default\">Bandertlaan 9,\n6101LZ Echt<\/h6>\t\t\t\t<\/div>\n\t\t\t\t<\/div>\n\t\t\t\t<\/div>\n\t\t<div class=\"elementor-element elementor-element-95b7955 e-con-full e-flex e-con e-child\" data-id=\"95b7955\" data-element_type=\"container\" data-e-type=\"container\">\n\t\t<div class=\"elementor-element elementor-element-1175f06 e-con-full e-flex e-con e-child\" data-id=\"1175f06\" data-element_type=\"container\" data-e-type=\"container\">\n\t\t\t\t<div class=\"elementor-element elementor-element-2ee4158 elementor-view-default elementor-widget elementor-widget-icon\" data-id=\"2ee4158\" data-element_type=\"widget\" data-e-type=\"widget\" data-widget_type=\"icon.default\">\n\t\t\t\t<div class=\"elementor-widget-container\">\n\t\t\t\t\t\t\t<div class=\"elementor-icon-wrapper\">\n\t\t\t<div class=\"elementor-icon\">\n\t\t\t<i aria-hidden=\"true\" class=\"fas fa-phone\"><\/i>\t\t\t<\/div>\n\t\t<\/div>\n\t\t\t\t\t\t<\/div>\n\t\t\t\t<\/div>\n\t\t\t\t<div class=\"elementor-element elementor-element-f153dcd elementor-widget elementor-widget-heading\" data-id=\"f153dcd\" data-element_type=\"widget\" data-e-type=\"widget\" data-widget_type=\"heading.default\">\n\t\t\t\t<div class=\"elementor-widget-container\">\n\t\t\t\t\t<h6 class=\"elementor-heading-title elementor-size-default\">T\u00c9L\u00c9PHONE<\/h6>\t\t\t\t<\/div>\n\t\t\t\t<\/div>\n\t\t\t\t<\/div>\n\t\t\t\t<div class=\"elementor-element elementor-element-0b713e8 elementor-widget elementor-widget-heading\" data-id=\"0b713e8\" data-element_type=\"widget\" data-e-type=\"widget\" data-widget_type=\"heading.default\">\n\t\t\t\t<div class=\"elementor-widget-container\">\n\t\t\t\t\t<h6 class=\"elementor-heading-title elementor-size-default\">0475 418 908<\/h6>\t\t\t\t<\/div>\n\t\t\t\t<\/div>\n\t\t\t\t<\/div>\n\t\t<div class=\"elementor-element elementor-element-2c780a3 e-con-full e-flex e-con e-child\" data-id=\"2c780a3\" data-element_type=\"container\" data-e-type=\"container\">\n\t\t<div class=\"elementor-element elementor-element-b790d80 e-con-full e-flex e-con e-child\" data-id=\"b790d80\" data-element_type=\"container\" data-e-type=\"container\">\n\t\t\t\t<div class=\"elementor-element elementor-element-6c49800 elementor-view-default elementor-widget elementor-widget-icon\" data-id=\"6c49800\" data-element_type=\"widget\" data-e-type=\"widget\" data-widget_type=\"icon.default\">\n\t\t\t\t<div class=\"elementor-widget-container\">\n\t\t\t\t\t\t\t<div class=\"elementor-icon-wrapper\">\n\t\t\t<div class=\"elementor-icon\">\n\t\t\t<i aria-hidden=\"true\" class=\"fas fa-envelope\"><\/i>\t\t\t<\/div>\n\t\t<\/div>\n\t\t\t\t\t\t<\/div>\n\t\t\t\t<\/div>\n\t\t\t\t<div class=\"elementor-element elementor-element-f906c94 elementor-widget elementor-widget-heading\" data-id=\"f906c94\" data-element_type=\"widget\" data-e-type=\"widget\" data-widget_type=\"heading.default\">\n\t\t\t\t<div class=\"elementor-widget-container\">\n\t\t\t\t\t<h6 class=\"elementor-heading-title elementor-size-default\">E-MAIL<\/h6>\t\t\t\t<\/div>\n\t\t\t\t<\/div>\n\t\t\t\t<\/div>\n\t\t\t\t<div class=\"elementor-element elementor-element-9ffbc10 elementor-widget elementor-widget-heading\" data-id=\"9ffbc10\" data-element_type=\"widget\" data-e-type=\"widget\" data-widget_type=\"heading.default\">\n\t\t\t\t<div class=\"elementor-widget-container\">\n\t\t\t\t\t<h6 class=\"elementor-heading-title elementor-size-default\"><a href=\"tel:0475418908\">info@valdeludo.nl<\/a><\/h6>\t\t\t\t<\/div>\n\t\t\t\t<\/div>\n\t\t\t\t<\/div>\n\t\t<div class=\"elementor-element elementor-element-e678afb e-con-full e-flex e-con e-child\" data-id=\"e678afb\" data-element_type=\"container\" data-e-type=\"container\">\n\t\t<div class=\"elementor-element elementor-element-46195a4 e-con-full e-flex e-con e-child\" data-id=\"46195a4\" data-element_type=\"container\" data-e-type=\"container\">\n\t\t\t\t<div class=\"elementor-element elementor-element-81352af elementor-view-default elementor-widget elementor-widget-icon\" data-id=\"81352af\" data-element_type=\"widget\" data-e-type=\"widget\" data-widget_type=\"icon.default\">\n\t\t\t\t<div class=\"elementor-widget-container\">\n\t\t\t\t\t\t\t<div class=\"elementor-icon-wrapper\">\n\t\t\t<div class=\"elementor-icon\">\n\t\t\t<i aria-hidden=\"true\" class=\"fas fa-clock\"><\/i>\t\t\t<\/div>\n\t\t<\/div>\n\t\t\t\t\t\t<\/div>\n\t\t\t\t<\/div>\n\t\t\t\t<div class=\"elementor-element elementor-element-5fbd6a7 elementor-widget elementor-widget-heading\" data-id=\"5fbd6a7\" data-element_type=\"widget\" data-e-type=\"widget\" data-widget_type=\"heading.default\">\n\t\t\t\t<div class=\"elementor-widget-container\">\n\t\t\t\t\t<h6 class=\"elementor-heading-title elementor-size-default\">NOUS SOMMES JOIGNABLES<\/h6>\t\t\t\t<\/div>\n\t\t\t\t<\/div>\n\t\t\t\t<\/div>\n\t\t\t\t<div class=\"elementor-element elementor-element-5b6631b elementor-widget elementor-widget-heading\" data-id=\"5b6631b\" data-element_type=\"widget\" data-e-type=\"widget\" data-widget_type=\"heading.default\">\n\t\t\t\t<div class=\"elementor-widget-container\">\n\t\t\t\t\t<h6 class=\"elementor-heading-title elementor-size-default\"><a href=\"tel:0475418908\">Lundi \u2013 vendredi\n<br>8h30 \u2013 17h00<\/a><\/h6>\t\t\t\t<\/div>\n\t\t\t\t<\/div>\n\t\t\t\t<\/div>\n\t\t\t\t<\/div>\n\t\t\t\t\t<\/div>\n\t\t\t\t<\/div>\n\t\t<div class=\"elementor-element elementor-element-f60abaf e-con-full e-flex e-con e-parent\" data-id=\"f60abaf\" data-element_type=\"container\" data-e-type=\"container\" data-settings=\"{&quot;background_background&quot;:&quot;classic&quot;}\">\n\t\t\t\t<div class=\"elementor-element elementor-element-9b87149 map-widget elementor-widget elementor-widget-google_maps\" data-id=\"9b87149\" data-element_type=\"widget\" data-e-type=\"widget\" data-widget_type=\"google_maps.default\">\n\t\t\t\t<div class=\"elementor-widget-container\">\n\t\t\t\t\t\t\t<div class=\"elementor-custom-embed\">\n\t\t\t<iframe loading=\"lazy\"\n\t\t\t\t\tsrc=\"https:\/\/maps.google.com\/maps?q=Valdeludo%2C%20Baandertlaan%209%20Echt&#038;t=m&#038;z=12&#038;output=embed&#038;iwloc=near\"\n\t\t\t\t\ttitle=\"Valdeludo, Baandertlaan 9 Echt\"\n\t\t\t\t\taria-label=\"Valdeludo, Baandertlaan 9 Echt\"\n\t\t\t><\/iframe>\n\t\t<\/div>\n\t\t\t\t\t\t<\/div>\n\t\t\t\t<\/div>\n\t\t\t\t<\/div>\n\t\t\t\t<\/div>\n\t\t","protected":false},"excerpt":{"rendered":"<p>\u201c Vis une journ\u00e9e inoubliable chez Valdeludo. \u201d Concr\u00e9tisons ton projet Contacte-nous sans engagement Contacte-nous directement et fais-nous part de tes id\u00e9es ! Ou pose ta question via le formulaire de contact ci-dessous. ADRESSE Bandertlaan 9, 6101LZ Echt T\u00c9L\u00c9PHONE 0475 418 908 E-MAIL info@valdeludo.nl NOUS SOMMES JOIGNABLES Lundi \u2013 vendredi 8h30 \u2013 17h00<\/p>\n","protected":false},"author":1,"featured_media":3181,"parent":0,"menu_order":0,"comment_status":"closed","ping_status":"closed","template":"","meta":{"site-sidebar-layout":"no-sidebar","site-content-layout":"page-builder","ast-site-content-layout":"default","site-content-style":"default","site-sidebar-style":"default","ast-global-header-display":"","ast-banner-title-visibility":"","ast-main-header-display":"","ast-hfb-above-header-display":"","ast-hfb-below-header-display":"","ast-hfb-mobile-header-display":"","site-post-title":"disabled","ast-breadcrumbs-content":"disabled","ast-featured-img":"disabled","footer-sml-layout":"","ast-disable-related-posts":"","theme-transparent-header-meta":"enabled","adv-header-id-meta":"","stick-header-meta":"","header-above-stick-meta":"","header-main-stick-meta":"","header-below-stick-meta":"","astra-migrate-meta-layouts":"default","ast-page-background-enabled":"default","ast-page-background-meta":{"desktop":{"background-color":"","background-image":"","background-repeat":"repeat","background-position":"center center","background-size":"auto","background-attachment":"scroll","background-type":"","background-media":"","overlay-type":"","overlay-color":"","overlay-opacity":"","overlay-gradient":""},"tablet":{"background-color":"","background-image":"","background-repeat":"repeat","background-position":"center center","background-size":"auto","background-attachment":"scroll","background-type":"","background-media":"","overlay-type":"","overlay-color":"","overlay-opacity":"","overlay-gradient":""},"mobile":{"background-color":"","background-image":"","background-repeat":"repeat","background-position":"center center","background-size":"auto","background-attachment":"scroll","background-type":"","background-media":"","overlay-type":"","overlay-color":"","overlay-opacity":"","overlay-gradient":""}},"ast-content-background-meta":{"desktop":{"background-color":"var(--ast-global-color-4)","background-image":"","background-repeat":"repeat","background-position":"center center","background-size":"auto","background-attachment":"scroll","background-type":"","background-media":"","overlay-type":"","overlay-color":"","overlay-opacity":"","overlay-gradient":""},"tablet":{"background-color":"var(--ast-global-color-4)","background-image":"","background-repeat":"repeat","background-position":"center center","background-size":"auto","background-attachment":"scroll","background-type":"","background-media":"","overlay-type":"","overlay-color":"","overlay-opacity":"","overlay-gradient":""},"mobile":{"background-color":"var(--ast-global-color-4)","background-image":"","background-repeat":"repeat","background-position":"center center","background-size":"auto","background-attachment":"scroll","background-type":"","background-media":"","overlay-type":"","overlay-color":"","overlay-opacity":"","overlay-gradient":""}},"footnotes":""},"class_list":["post-3442","page","type-page","status-publish","has-post-thumbnail","hentry"],"yoast_head":"<!-- This site is optimized with the Yoast SEO plugin v27.2 - https:\/\/yoast.com\/product\/yoast-seo-wordpress\/ -->\n<title>Contact - Valdeludo<\/title>\n<meta name=\"robots\" content=\"index, follow, max-snippet:-1, max-image-preview:large, max-video-preview:-1\" \/>\n<link rel=\"canonical\" href=\"https:\/\/valdeludo.nl\/fr\/contact\/\" \/>\n<meta property=\"og:locale\" content=\"fr_FR\" \/>\n<meta property=\"og:type\" content=\"article\" \/>\n<meta property=\"og:title\" content=\"Contact - Valdeludo\" \/>\n<meta property=\"og:description\" content=\"\u201c Vis une journ\u00e9e inoubliable chez Valdeludo. \u201d Concr\u00e9tisons ton projet Contacte-nous sans engagement Contacte-nous directement et fais-nous part de tes id\u00e9es ! Ou pose ta question via le formulaire de contact ci-dessous. ADRESSE Bandertlaan 9, 6101LZ Echt T\u00c9L\u00c9PHONE 0475 418 908 E-MAIL info@valdeludo.nl NOUS SOMMES JOIGNABLES Lundi \u2013 vendredi 8h30 \u2013 17h00\" \/>\n<meta property=\"og:url\" content=\"https:\/\/valdeludo.nl\/fr\/contact\/\" \/>\n<meta property=\"og:site_name\" content=\"Valdeludo\" \/>\n<meta property=\"article:modified_time\" content=\"2026-03-24T21:07:57+00:00\" \/>\n<meta property=\"og:image\" content=\"https:\/\/valdeludo.nl\/wp-content\/uploads\/2026\/02\/2024-06-22_KL_Numidia_MM.jpg\" \/>\n\t<meta property=\"og:image:width\" content=\"2400\" \/>\n\t<meta property=\"og:image:height\" content=\"1600\" \/>\n\t<meta property=\"og:image:type\" content=\"image\/jpeg\" \/>\n<meta name=\"twitter:card\" content=\"summary_large_image\" \/>\n<script type=\"application\/ld+json\" class=\"yoast-schema-graph\">{\"@context\":\"https:\/\/schema.org\",\"@graph\":[{\"@type\":\"WebPage\",\"@id\":\"https:\/\/valdeludo.nl\/fr\/contact\/\",\"url\":\"https:\/\/valdeludo.nl\/fr\/contact\/\",\"name\":\"Contact - Valdeludo\",\"isPartOf\":{\"@id\":\"https:\/\/valdeludo.nl\/fr\/#website\"},\"primaryImageOfPage\":{\"@id\":\"https:\/\/valdeludo.nl\/fr\/contact\/#primaryimage\"},\"image\":{\"@id\":\"https:\/\/valdeludo.nl\/fr\/contact\/#primaryimage\"},\"thumbnailUrl\":\"https:\/\/valdeludo.nl\/wp-content\/uploads\/2026\/02\/2024-06-22_KL_Numidia_MM.jpg\",\"datePublished\":\"2026-01-22T12:30:45+00:00\",\"dateModified\":\"2026-03-24T21:07:57+00:00\",\"breadcrumb\":{\"@id\":\"https:\/\/valdeludo.nl\/fr\/contact\/#breadcrumb\"},\"inLanguage\":\"fr-FR\",\"potentialAction\":[{\"@type\":\"ReadAction\",\"target\":[\"https:\/\/valdeludo.nl\/fr\/contact\/\"]}]},{\"@type\":\"ImageObject\",\"inLanguage\":\"fr-FR\",\"@id\":\"https:\/\/valdeludo.nl\/fr\/contact\/#primaryimage\",\"url\":\"https:\/\/valdeludo.nl\/wp-content\/uploads\/2026\/02\/2024-06-22_KL_Numidia_MM.jpg\",\"contentUrl\":\"https:\/\/valdeludo.nl\/wp-content\/uploads\/2026\/02\/2024-06-22_KL_Numidia_MM.jpg\",\"width\":2400,\"height\":1600},{\"@type\":\"BreadcrumbList\",\"@id\":\"https:\/\/valdeludo.nl\/fr\/contact\/#breadcrumb\",\"itemListElement\":[{\"@type\":\"ListItem\",\"position\":1,\"name\":\"Accueil\",\"item\":\"https:\/\/valdeludo.nl\/fr\/accueil\/\"},{\"@type\":\"ListItem\",\"position\":2,\"name\":\"Contact\"}]},{\"@type\":\"WebSite\",\"@id\":\"https:\/\/valdeludo.nl\/fr\/#website\",\"url\":\"https:\/\/valdeludo.nl\/fr\/\",\"name\":\"Valdeludo\",\"description\":\"Un lieu unique au style festival\",\"publisher\":{\"@id\":\"https:\/\/valdeludo.nl\/fr\/#organization\"},\"potentialAction\":[{\"@type\":\"SearchAction\",\"target\":{\"@type\":\"EntryPoint\",\"urlTemplate\":\"https:\/\/valdeludo.nl\/fr\/?s={search_term_string}\"},\"query-input\":{\"@type\":\"PropertyValueSpecification\",\"valueRequired\":true,\"valueName\":\"search_term_string\"}}],\"inLanguage\":\"fr-FR\"},{\"@type\":\"Organization\",\"@id\":\"https:\/\/valdeludo.nl\/fr\/#organization\",\"name\":\"Valdeludo\",\"url\":\"https:\/\/valdeludo.nl\/fr\/\",\"logo\":{\"@type\":\"ImageObject\",\"inLanguage\":\"fr-FR\",\"@id\":\"https:\/\/valdeludo.nl\/fr\/#\/schema\/logo\/image\/\",\"url\":\"https:\/\/valdeludo.nl\/wp-content\/uploads\/2026\/01\/valdeludo-logo-full-color-rgb.svg\",\"contentUrl\":\"https:\/\/valdeludo.nl\/wp-content\/uploads\/2026\/01\/valdeludo-logo-full-color-rgb.svg\",\"width\":1000,\"height\":534,\"caption\":\"Valdeludo\"},\"image\":{\"@id\":\"https:\/\/valdeludo.nl\/fr\/#\/schema\/logo\/image\/\"}}]}<\/script>\n<!-- \/ Yoast SEO plugin. -->","yoast_head_json":{"title":"Contact - Valdeludo","robots":{"index":"index","follow":"follow","max-snippet":"max-snippet:-1","max-image-preview":"max-image-preview:large","max-video-preview":"max-video-preview:-1"},"canonical":"https:\/\/valdeludo.nl\/fr\/contact\/","og_locale":"fr_FR","og_type":"article","og_title":"Contact - Valdeludo","og_description":"\u201c Vis une journ\u00e9e inoubliable chez Valdeludo. \u201d Concr\u00e9tisons ton projet Contacte-nous sans engagement Contacte-nous directement et fais-nous part de tes id\u00e9es ! Ou pose ta question via le formulaire de contact ci-dessous. ADRESSE Bandertlaan 9, 6101LZ Echt T\u00c9L\u00c9PHONE 0475 418 908 E-MAIL info@valdeludo.nl NOUS SOMMES JOIGNABLES Lundi \u2013 vendredi 8h30 \u2013 17h00","og_url":"https:\/\/valdeludo.nl\/fr\/contact\/","og_site_name":"Valdeludo","article_modified_time":"2026-03-24T21:07:57+00:00","og_image":[{"width":2400,"height":1600,"url":"https:\/\/valdeludo.nl\/wp-content\/uploads\/2026\/02\/2024-06-22_KL_Numidia_MM.jpg","type":"image\/jpeg"}],"twitter_card":"summary_large_image","schema":{"@context":"https:\/\/schema.org","@graph":[{"@type":"WebPage","@id":"https:\/\/valdeludo.nl\/fr\/contact\/","url":"https:\/\/valdeludo.nl\/fr\/contact\/","name":"Contact - Valdeludo","isPartOf":{"@id":"https:\/\/valdeludo.nl\/fr\/#website"},"primaryImageOfPage":{"@id":"https:\/\/valdeludo.nl\/fr\/contact\/#primaryimage"},"image":{"@id":"https:\/\/valdeludo.nl\/fr\/contact\/#primaryimage"},"thumbnailUrl":"https:\/\/valdeludo.nl\/wp-content\/uploads\/2026\/02\/2024-06-22_KL_Numidia_MM.jpg","datePublished":"2026-01-22T12:30:45+00:00","dateModified":"2026-03-24T21:07:57+00:00","breadcrumb":{"@id":"https:\/\/valdeludo.nl\/fr\/contact\/#breadcrumb"},"inLanguage":"fr-FR","potentialAction":[{"@type":"ReadAction","target":["https:\/\/valdeludo.nl\/fr\/contact\/"]}]},{"@type":"ImageObject","inLanguage":"fr-FR","@id":"https:\/\/valdeludo.nl\/fr\/contact\/#primaryimage","url":"https:\/\/valdeludo.nl\/wp-content\/uploads\/2026\/02\/2024-06-22_KL_Numidia_MM.jpg","contentUrl":"https:\/\/valdeludo.nl\/wp-content\/uploads\/2026\/02\/2024-06-22_KL_Numidia_MM.jpg","width":2400,"height":1600},{"@type":"BreadcrumbList","@id":"https:\/\/valdeludo.nl\/fr\/contact\/#breadcrumb","itemListElement":[{"@type":"ListItem","position":1,"name":"Accueil","item":"https:\/\/valdeludo.nl\/fr\/accueil\/"},{"@type":"ListItem","position":2,"name":"Contact"}]},{"@type":"WebSite","@id":"https:\/\/valdeludo.nl\/fr\/#website","url":"https:\/\/valdeludo.nl\/fr\/","name":"Valdeludo","description":"Un lieu unique au style festival","publisher":{"@id":"https:\/\/valdeludo.nl\/fr\/#organization"},"potentialAction":[{"@type":"SearchAction","target":{"@type":"EntryPoint","urlTemplate":"https:\/\/valdeludo.nl\/fr\/?s={search_term_string}"},"query-input":{"@type":"PropertyValueSpecification","valueRequired":true,"valueName":"search_term_string"}}],"inLanguage":"fr-FR"},{"@type":"Organization","@id":"https:\/\/valdeludo.nl\/fr\/#organization","name":"Valdeludo","url":"https:\/\/valdeludo.nl\/fr\/","logo":{"@type":"ImageObject","inLanguage":"fr-FR","@id":"https:\/\/valdeludo.nl\/fr\/#\/schema\/logo\/image\/","url":"https:\/\/valdeludo.nl\/wp-content\/uploads\/2026\/01\/valdeludo-logo-full-color-rgb.svg","contentUrl":"https:\/\/valdeludo.nl\/wp-content\/uploads\/2026\/01\/valdeludo-logo-full-color-rgb.svg","width":1000,"height":534,"caption":"Valdeludo"},"image":{"@id":"https:\/\/valdeludo.nl\/fr\/#\/schema\/logo\/image\/"}}]}},"_links":{"self":[{"href":"https:\/\/valdeludo.nl\/fr\/wp-json\/wp\/v2\/pages\/3442","targetHints":{"allow":["GET"]}}],"collection":[{"href":"https:\/\/valdeludo.nl\/fr\/wp-json\/wp\/v2\/pages"}],"about":[{"href":"https:\/\/valdeludo.nl\/fr\/wp-json\/wp\/v2\/types\/page"}],"author":[{"embeddable":true,"href":"https:\/\/valdeludo.nl\/fr\/wp-json\/wp\/v2\/users\/1"}],"replies":[{"embeddable":true,"href":"https:\/\/valdeludo.nl\/fr\/wp-json\/wp\/v2\/comments?post=3442"}],"version-history":[{"count":1,"href":"https:\/\/valdeludo.nl\/fr\/wp-json\/wp\/v2\/pages\/3442\/revisions"}],"predecessor-version":[{"id":3443,"href":"https:\/\/valdeludo.nl\/fr\/wp-json\/wp\/v2\/pages\/3442\/revisions\/3443"}],"wp:featuredmedia":[{"embeddable":true,"href":"https:\/\/valdeludo.nl\/fr\/wp-json\/wp\/v2\/media\/3181"}],"wp:attachment":[{"href":"https:\/\/valdeludo.nl\/fr\/wp-json\/wp\/v2\/media?parent=3442"}],"curies":[{"name":"wp","href":"https:\/\/api.w.org\/{rel}","templated":true}]}}